{"id":2699,"date":"2018-09-07T07:19:15","date_gmt":"2018-09-07T06:19:15","guid":{"rendered":"http:\/\/www.fischerarchaeology.se\/?page_id=2699"},"modified":"2020-12-09T16:38:07","modified_gmt":"2020-12-09T15:38:07","slug":"seasons-2010-2017-at-hala-sultan-tekke-cyprus-published","status":"publish","type":"page","link":"http:\/\/www.fischerarchaeology.se\/?page_id=2699","title":{"rendered":"Publication of Seasons 2010-2017"},"content":{"rendered":"<p style=\"text-align: center;\"><img loading=\"lazy\" decoding=\"async\" class=\"aligncenter wp-image-2778\" src=\"http:\/\/www.fischerarchaeology.se\/wp-content\/uploads\/2018\/09\/Namnl\u00f6st-1-1-727x1024.jpg\" alt=\"\" width=\"394\" height=\"555\" srcset=\"http:\/\/www.fischerarchaeology.se\/wp-content\/uploads\/2018\/09\/Namnl\u00f6st-1-1-727x1024.jpg 727w, http:\/\/www.fischerarchaeology.se\/wp-content\/uploads\/2018\/09\/Namnl\u00f6st-1-1-213x300.jpg 213w, http:\/\/www.fischerarchaeology.se\/wp-content\/uploads\/2018\/09\/Namnl\u00f6st-1-1-768x1082.jpg 768w, http:\/\/www.fischerarchaeology.se\/wp-content\/uploads\/2018\/09\/Namnl\u00f6st-1-1.jpg 1066w\" sizes=\"(max-width: 394px) 100vw, 394px\" \/><\/p>\n<p style=\"text-align: center;\">We are pleased to announce the publication of<\/p>\n<p style=\"text-align: center;\"><span style=\"color: #ff0000;\"><strong>Two Late Cypriot City Quarters at Hala Sultan Tekke<br \/>\nThe S\u00f6derberg Expedition 2010\u20142017<br \/>\nStudies in Mediterranean Archaeology 147. \u00c5str\u00f6m Editions: Uppsala 2018<br \/>\nby P.M. Fischer and T. B\u00fcrge<\/strong><\/span><\/p>\n<p style=\"text-align: justify;\">with special studies by Muwafaq Al-Bataineh, Aaron A. Burke, Brian N. Damiata, Stefanie Fragner, Felix H\u00f6flmayer, Dominika Kofel, Omri Lernau, Klaus L\u00f6cker, Laerke Recht, David S. Reese, Serena Sabatini, John Southon, Peter Steier, Immo Trinks and Eva Maria Wild<br \/>\nISBN13: 978-91-981535-4-5<br \/>\nXVI + 648 pp. \/ hardcover<br \/>\nPrice: \u20ac 108<\/p>\n<p style=\"text-align: justify;\">Orders through:<br \/>\n<a href=\"http:\/\/www.astromeditions.com\/books\/book\/?artno=M147\">http:\/\/www.astromeditions.com\/books\/book\/?artno=M147<\/a><\/p>\n<p style=\"text-align: justify;\">The present volume deals with the results from eight seasons of excavations at Hala Sultan Tekke. This harbour town \u2013 one of the largest and most important in the Eastern Mediterranean \u2013 is situated near Larnaca on the south coast of Cyprus. Two city quarters dating to the end of the 13th and the first half of the 12th centuries BC were investigated. The material remains confirm far-reaching contacts and trade with numerous other cultures including the Mycenaean, Minoan, Egyptian and Levantine. Detailed studies on stratigraphy, pottery and small finds including extensive databases are presented. Special studies deal with metal production, animal and plant remains, geophysical prospection, radiocarbon and architectural reconstructions. The final Chapter 10 (in addition to Chapter 2) comprises discussions and conclusions on relative and absolute chronology, the economy of the city and its relation to neighbours, intercultural contacts, and the reasons behind the abandonment of the city during the \u201cCrisis Years\u201d at the waning Late Bronze Age, viz. the \u201cSea Peoples Phenomenon\u201d.<\/p>\n<p style=\"text-align: justify;\"><strong>Contents<\/strong><br \/>\n1. Introduction and vade mecum, by Peter M. Fischer<br \/>\n2. Stratigraphy, architecture and finds, by Peter M. Fischer and Teresa B\u00fcrge<br \/>\n3. The pottery, by Teresa B\u00fcrge and Peter M. Fischer<br \/>\n4. Small finds, by Teresa B\u00fcrge, Serena Sabatini, Peter M. Fischer and Laerke Recht<br \/>\n5. Notes on metal production in CQ1 and CQ2, by Peter M. Fischer<br \/>\n6. Faunal evidence: catalogues, worked bones, ivory, horn, shells and fish, by David S. Reese and Omri Lernau<br \/>\n7. Analysis of plant macroremains and charcoal, by Dominika Kofel<br \/>\n8. Archaeological prospection surveys, by Immo Trinks, Klaus L\u00f6cker and Peter M. Fischer<br \/>\n9. Radiocarbon, by Felix H\u00f6flmayer, Aaron A. Burke, Brian N. Damiata, John Southon, Eva Maria Wild, Peter Steier and Peter M. Fischer<br \/>\n10. Discussion and conclusions, by Peter M. Fischer and Teresa B\u00fcrge<br \/>\nAppendix 1. Architectural units reconstructed, by Muwafaq Al-Bataineh, Stefanie Fragner, Teresa B\u00fcrge and Peter M. Fischer<\/p>\n","protected":false},"excerpt":{"rendered":"<p>We are pleased to announce the publication of Two Late Cypriot City Quarters at Hala Sultan Tekke The S\u00f6derberg Expedition 2010\u20142017 Studies in Mediterranean Archaeology 147. \u00c5str\u00f6m Editions: Uppsala 2018 by P.M. Fischer and T. B\u00fcrge with special studies by &hellip; <a href=\"http:\/\/www.fischerarchaeology.se\/?page_id=2699\">Continue reading <span class=\"meta-nav\">&rarr;<\/span><\/a><\/p>\n","protected":false},"author":2,"featured_media":0,"parent":420,"menu_order":191,"comment_status":"closed","ping_status":"closed","template":"","meta":{"footnotes":""},"class_list":["post-2699","page","type-page","status-publish","hentry"],"_links":{"self":[{"href":"http:\/\/www.fischerarchaeology.se\/index.php?rest_route=\/wp\/v2\/pages\/2699"}],"collection":[{"href":"http:\/\/www.fischerarchaeology.se\/index.php?rest_route=\/wp\/v2\/pages"}],"about":[{"href":"http:\/\/www.fischerarchaeology.se\/index.php?rest_route=\/wp\/v2\/types\/page"}],"author":[{"embeddable":true,"href":"http:\/\/www.fischerarchaeology.se\/index.php?rest_route=\/wp\/v2\/users\/2"}],"replies":[{"embeddable":true,"href":"http:\/\/www.fischerarchaeology.se\/index.php?rest_route=%2Fwp%2Fv2%2Fcomments&post=2699"}],"version-history":[{"count":8,"href":"http:\/\/www.fischerarchaeology.se\/index.php?rest_route=\/wp\/v2\/pages\/2699\/revisions"}],"predecessor-version":[{"id":2978,"href":"http:\/\/www.fischerarchaeology.se\/index.php?rest_route=\/wp\/v2\/pages\/2699\/revisions\/2978"}],"up":[{"embeddable":true,"href":"http:\/\/www.fischerarchaeology.se\/index.php?rest_route=\/wp\/v2\/pages\/420"}],"wp:attachment":[{"href":"http:\/\/www.fischerarchaeology.se\/index.php?rest_route=%2Fwp%2Fv2%2Fmedia&parent=2699"}],"curies":[{"name":"wp","href":"https:\/\/api.w.org\/{rel}","templated":true}]}}