{"id":2737,"date":"2019-01-23T09:34:04","date_gmt":"2019-01-23T08:34:04","guid":{"rendered":"http:\/\/www.fischerarchaeology.se\/?page_id=2737"},"modified":"2020-12-09T16:20:37","modified_gmt":"2020-12-09T15:20:37","slug":"obituary-dr-tomas-soderberg","status":"publish","type":"page","link":"https:\/\/www.fischerarchaeology.se\/?page_id=2737","title":{"rendered":"Obituary Dr Tomas S\u00f6derberg"},"content":{"rendered":"<p style=\"text-align: justify;\">Dr Tomas S\u00f6derberg, the chairman of the Torsten S\u00f6derberg Foundation, passed away on 7 January 2019. The Torsten S\u00f6derberg Foundation financed major parts of the Swedish Cyprus Expedition, \u201cThe S\u00f6derberg Expedition\u201d, at Hala Sultan Tekke. All members of the expedition would like to express the deepest gratitude for Tomas\u2019 and the foundation\u2019s essential support. We all admired Tomas\u2019 profound knowledge in archaeology!<\/p>\n<p style=\"text-align: justify;\"><img loading=\"lazy\" decoding=\"async\" class=\"aligncenter size-full wp-image-2739\" src=\"http:\/\/www.fischerarchaeology.se\/wp-content\/uploads\/2019\/01\/Tomas-cut3-Copy.jpg\" alt=\"\" width=\"1527\" height=\"1177\" srcset=\"https:\/\/www.fischerarchaeology.se\/wp-content\/uploads\/2019\/01\/Tomas-cut3-Copy.jpg 1527w, https:\/\/www.fischerarchaeology.se\/wp-content\/uploads\/2019\/01\/Tomas-cut3-Copy-300x231.jpg 300w, https:\/\/www.fischerarchaeology.se\/wp-content\/uploads\/2019\/01\/Tomas-cut3-Copy-768x592.jpg 768w, https:\/\/www.fischerarchaeology.se\/wp-content\/uploads\/2019\/01\/Tomas-cut3-Copy-1024x789.jpg 1024w\" sizes=\"(max-width: 1527px) 100vw, 1527px\" \/><\/p>\n<p>&nbsp;<\/p>\n<p style=\"text-align: justify;\">Torsten S\u00f6derbergs Stiftelses ordf\u00f6rande fil.dr h.c. Tomas S\u00f6derberg har efter en kort tids sjukdom l\u00e4mnat oss i b\u00f6rjan av 2019 i en \u00e5lder av 82 \u00e5r. Tomas var en av tre s\u00f6ner till donatorerna och stiftelsens grundare Torsten och Wanja S\u00f6derberg och stiftelsens ordf\u00f6rande sedan 1987. Hans tid som ordf\u00f6rande i en av Sveriges st\u00f6rsta privata stiftelser pr\u00e4glades av ett genuint engagemang till gagn f\u00f6r forskning inom ekonomi, medicin, r\u00e4ttsvetenskap och kulturella omr\u00e5den s\u00e5som arkeologi, historia, konst, musik och arkitektur. Bland de priser som stiftelsen \u00e5rligen delar ut \u00e5terfinns det S\u00f6derbergska priset som tilldelas framst\u00e5ende forskare inom ekonomi, r\u00e4ttsvetenskap och medicin. Ett annat \u00e4r Torsten och Wanja S\u00f6derbergs nordiska pris i design och konsthantverk vilket, inom sitt omr\u00e5de, h\u00f6r till de st\u00f6rsta i v\u00e4rlden. Under hans h\u00e4ngivna ledarskap har stiftelsen framg\u00e5ngsrikt utvecklats.<br \/>\nTomas fick under sin ordf\u00f6randeperiod motta ett flertal hedersbetygelser. Han blev filosofie hedersdoktor vid G\u00f6teborgs universitet \u00e5r 2006. Han har ocks\u00e5 tilldelats G\u00f6teborgs stads f\u00f6rtj\u00e4nsttecken, Handelsh\u00f6gskolans i G\u00f6teborg medalj Pro Studio et Scientia f\u00f6r engagemang och vetenskap, Handelsh\u00f6gskolans i Stockholm SIR Research Award samt Riddarkorset av Islands Falkorden. S\u00e5 sent som h\u00f6sten 2018 utn\u00e4mndes Tomas S\u00f6derberg till hedersledamot vid Svenska L\u00e4kares\u00e4llskapet.<\/p>\n<div id=\"attachment_2754\" style=\"width: 401px\" class=\"wp-caption aligncenter\"><img loading=\"lazy\" decoding=\"async\" aria-describedby=\"caption-attachment-2754\" class=\" wp-image-2754\" src=\"http:\/\/www.fischerarchaeology.se\/wp-content\/uploads\/2019\/01\/tomas_so\u2560\u00eaderberg_foto_christina_nilroth-Copy-764x1024.jpg\" alt=\"\" width=\"391\" height=\"524\" srcset=\"https:\/\/www.fischerarchaeology.se\/wp-content\/uploads\/2019\/01\/tomas_so\u2560\u00eaderberg_foto_christina_nilroth-Copy-764x1024.jpg 764w, https:\/\/www.fischerarchaeology.se\/wp-content\/uploads\/2019\/01\/tomas_so\u2560\u00eaderberg_foto_christina_nilroth-Copy-224x300.jpg 224w, https:\/\/www.fischerarchaeology.se\/wp-content\/uploads\/2019\/01\/tomas_so\u2560\u00eaderberg_foto_christina_nilroth-Copy-768x1029.jpg 768w, https:\/\/www.fischerarchaeology.se\/wp-content\/uploads\/2019\/01\/tomas_so\u2560\u00eaderberg_foto_christina_nilroth-Copy.jpg 1260w\" sizes=\"(max-width: 391px) 100vw, 391px\" \/><p id=\"caption-attachment-2754\" class=\"wp-caption-text\">Foto Christina Nilroth<\/p><\/div>\n<p style=\"text-align: justify;\">Vi, hans arkeologiska kollegor, har haft ett m\u00e5ng\u00e5rigt och framg\u00e5ngsrikt samarbete med Tomas och stiftelsen. \u00c4ven om Tomas inte hade den formella utbildningen inom \u00e4mnet s\u00e5 skall han med all r\u00e4tt omn\u00e4mnas som kollega eftersom hans kunskaper inom arkeologi (och historia) var fenomenala. Detta g\u00e4ller inte enbart Norden utan \u00e4ven Centraleuropa och Medelhavet. Diskussioner som l\u00e5g l\u00e5ngt tillbaka i tiden om specifika arkeologiska och historiska sp\u00f6rsm\u00e5l kunde han \u00e5terber\u00e4tta med en stor detaljrikedom. Detta st\u00e4llde h\u00f6ga krav p\u00e5 oss som diskussionspartners! Klich\u00e9n att hans minne var som en elefants har dock sitt fulla ber\u00e4ttigande och passar v\u00e4l in p\u00e5 hans k\u00e4rlek till djur i st\u00f6rsta allm\u00e4nhet. Vid bes\u00f6ken i K\u00e5llered ber\u00e4ttade Tomas ofta om sina v\u00e4nner i den lokala faunan som h\u00e4lsade p\u00e5 honom vilket f\u00f6rde tankarna till dr Dolittle.<\/p>\n<p><img loading=\"lazy\" decoding=\"async\" class=\"aligncenter size-full wp-image-2757\" src=\"http:\/\/www.fischerarchaeology.se\/wp-content\/uploads\/2019\/01\/47-Copy.jpg\" alt=\"\" width=\"839\" height=\"576\" srcset=\"https:\/\/www.fischerarchaeology.se\/wp-content\/uploads\/2019\/01\/47-Copy.jpg 839w, https:\/\/www.fischerarchaeology.se\/wp-content\/uploads\/2019\/01\/47-Copy-300x206.jpg 300w, https:\/\/www.fischerarchaeology.se\/wp-content\/uploads\/2019\/01\/47-Copy-768x527.jpg 768w\" sizes=\"(max-width: 839px) 100vw, 839px\" \/><\/p>\n<p style=\"text-align: justify;\">\nEtt annat intresse som Tomas och Peter (undertecknad) delade var veteranbilar som Tomas betraktade mera som en konstform \u00e4n som ett transportmedel. Han \u00e4gde \u201dv\u00e4rldens vackraste Volvo\u201d, en PV655-cabriolet 1933 handbyggd av Norrmalms karosseriaktiebolag i Stockholm och utst\u00e4lld p\u00e5 Volvo museet i G\u00f6teborg. Under v\u00e5ra resor till \u00d6land f\u00f6r att delta i Kungsrallyt t\u00e4vlade vi ofta i v\u00e5ra kunskaper inom karosseritillverkningen och mekaniska komponenter \u2013 som Tomas f\u00f6r det mesta vann.<br \/>\nMed Tomas har en m\u00e5ngsidig profil g\u00e5tt ur tiden, men Tomas lever vidare genom sin stora familj och familjens stiftelse till gagn f\u00f6r vetenskap och kultur.<\/p>\n<p>&nbsp;<\/p>\n<p><img loading=\"lazy\" decoding=\"async\" class=\"aligncenter size-full wp-image-2742\" src=\"http:\/\/www.fischerarchaeology.se\/wp-content\/uploads\/2019\/01\/TP-KR-2018.jpg\" alt=\"\" width=\"1024\" height=\"572\" srcset=\"https:\/\/www.fischerarchaeology.se\/wp-content\/uploads\/2019\/01\/TP-KR-2018.jpg 1024w, https:\/\/www.fischerarchaeology.se\/wp-content\/uploads\/2019\/01\/TP-KR-2018-300x168.jpg 300w, https:\/\/www.fischerarchaeology.se\/wp-content\/uploads\/2019\/01\/TP-KR-2018-768x429.jpg 768w\" sizes=\"(max-width: 1024px) 100vw, 1024px\" \/><\/p>\n<p>G\u00f6teborg 2019-01-18\u00a0 \u00a0 \u00a0 \u00a0 \u00a0 \u00a0 \u00a0 \u00a0 \u00a0 \u00a0 \u00a0 \u00a0 \u00a0 \u00a0 \u00a0 \u00a0 \u00a0 \u00a0 \u00a0 \u00a0 \u00a0 \u00a0 \u00a0 \u00a0 \u00a0 \u00a0 \u00a0 \u00a0 \u00a0 \u00a0 \u00a0 \u00a0 \u00a0 \u00a0 \u00a0 \u00a0 \u00a0 \u00a0 \u00a0 \u00a0 \u00a0 \u00a0 \u00a0 \u00a0 \u00a0 Peter M. Fischer<\/p>\n","protected":false},"excerpt":{"rendered":"<p>Dr Tomas S\u00f6derberg, the chairman of the Torsten S\u00f6derberg Foundation, passed away on 7 January 2019. The Torsten S\u00f6derberg Foundation financed major parts of the Swedish Cyprus Expedition, \u201cThe S\u00f6derberg Expedition\u201d, at Hala Sultan Tekke. All members of the expedition &hellip; <a href=\"https:\/\/www.fischerarchaeology.se\/?page_id=2737\">Continue reading <span class=\"meta-nav\">&rarr;<\/span><\/a><\/p>\n","protected":false},"author":2,"featured_media":0,"parent":0,"menu_order":7,"comment_status":"closed","ping_status":"closed","template":"","meta":{"footnotes":""},"class_list":["post-2737","page","type-page","status-publish","hentry"],"_links":{"self":[{"href":"https:\/\/www.fischerarchaeology.se\/index.php?rest_route=\/wp\/v2\/pages\/2737"}],"collection":[{"href":"https:\/\/www.fischerarchaeology.se\/index.php?rest_route=\/wp\/v2\/pages"}],"about":[{"href":"https:\/\/www.fischerarchaeology.se\/index.php?rest_route=\/wp\/v2\/types\/page"}],"author":[{"embeddable":true,"href":"https:\/\/www.fischerarchaeology.se\/index.php?rest_route=\/wp\/v2\/users\/2"}],"replies":[{"embeddable":true,"href":"https:\/\/www.fischerarchaeology.se\/index.php?rest_route=%2Fwp%2Fv2%2Fcomments&post=2737"}],"version-history":[{"count":11,"href":"https:\/\/www.fischerarchaeology.se\/index.php?rest_route=\/wp\/v2\/pages\/2737\/revisions"}],"predecessor-version":[{"id":2758,"href":"https:\/\/www.fischerarchaeology.se\/index.php?rest_route=\/wp\/v2\/pages\/2737\/revisions\/2758"}],"wp:attachment":[{"href":"https:\/\/www.fischerarchaeology.se\/index.php?rest_route=%2Fwp%2Fv2%2Fmedia&parent=2737"}],"curies":[{"name":"wp","href":"https:\/\/api.w.org\/{rel}","templated":true}]}}